{"id":7765,"date":"2020-02-20T14:38:22","date_gmt":"2020-02-20T14:38:22","guid":{"rendered":"https:\/\/www.lattecreative.com\/what-we-do\/"},"modified":"2020-05-20T17:36:06","modified_gmt":"2020-05-20T16:36:06","slug":"what-we-do","status":"publish","type":"page","link":"https:\/\/www.lattecreative.com\/es\/what-we-do\/","title":{"rendered":"Qu\u00e9 hacemos"},"content":{"rendered":"<div class=\"row\">\n<div class=\"eight columns\">\n<h5>QU\u00c9 HACEMOS \u2014<\/h5>\n<h1>Incrementamos el impacto de tu organizaci\u00f3n<\/h1>\n<\/div>\n<div class=\"six columns offset-by-two\">Trabajamos con organizaciones sociales, instituciones y empresas innovadoras para crear y gestionar campa\u00f1as de involucramiento p\u00fablico, desarrollo de fondos o posicionamiento de marca.<\/div>\n<\/div>\n<div class=\"row\">\n<div class=\"seven columns four-for-desktop-up offset-by-one no-offset-for-desktop-up\">\n<h2>Comunicaci\u00f3n<\/h2>\n<ul>\n<li>Campa\u00f1as integradas<\/li>\n<li>Creaci\u00f3n de contenido<\/li>\n<li>Video y motion graphics<\/li>\n<li>Marca e identidad visual<\/li>\n<\/ul>\n<\/div>\n<div class=\"seven columns four-for-desktop-up\">\n<h2>Digital<\/h2>\n<ul>\n<li>Social media y publicidad<\/li>\n<li>Dise\u00f1o UX y UI<\/li>\n<li>Desarrollo web y apps<\/li>\n<li>Herramientas de donaci\u00f3n y CRM integrado<\/li>\n<li>Herramientas de Marketing Automation<\/li>\n<\/ul>\n<\/div>\n<div class=\"seven columns four-for-desktop-up offset-by-one no-offset-for-desktop-up\">\n<h2>Estrategia<\/h2>\n<ul>\n<li>Comunicaci\u00f3n y estrategia digital<\/li>\n<li>Fundraising<\/li>\n<li>Engagement y generaci\u00f3n de Leads<\/li>\n<li>E-mail Marketing<\/li>\n<\/ul>\n<\/div>\n<\/div>\n","protected":false},"excerpt":{"rendered":"<p>QU\u00c9 HACEMOS \u2014 Incrementamos el impacto de tu organizaci\u00f3n Trabajamos con organizaciones sociales, instituciones y empresas innovadoras para crear y gestionar campa\u00f1as de involucramiento p\u00fablico, desarrollo de fondos o posicionamiento de marca. Comunicaci\u00f3n Campa\u00f1as integradas Creaci\u00f3n de contenido Video y motion graphics Marca e identidad visual Digital Social media y publicidad Dise\u00f1o UX y UI [&hellip;]<\/p>\n","protected":false},"author":2,"featured_media":8173,"parent":0,"menu_order":0,"comment_status":"closed","ping_status":"closed","template":"page-whatwedo.php","meta":{"_acf_changed":false,"content-type":"","footnotes":""},"class_list":["post-7765","page","type-page","status-publish","has-post-thumbnail","hentry"],"acf":[],"yoast_head":"<!-- This site is optimized with the Yoast SEO plugin v27.6 - https:\/\/yoast.com\/product\/yoast-seo-wordpress\/ -->\n<title>Qu\u00e9 hacemos - Latte Creative<\/title>\n<meta name=\"description\" content=\"QU\u00c9 HACEMOS \u2014 Incrementamos el impacto de tu organizaci\u00f3n Trabajamos con organizaciones sociales, instituciones y empresas innovadoras para crear y\" \/>\n<meta name=\"robots\" content=\"index, follow, max-snippet:-1, max-image-preview:large, max-video-preview:-1\" \/>\n<link rel=\"canonical\" href=\"https:\/\/www.lattecreative.com\/es\/what-we-do\/\" \/>\n<meta property=\"og:locale\" content=\"es_ES\" \/>\n<meta property=\"og:type\" content=\"article\" \/>\n<meta property=\"og:title\" content=\"Qu\u00e9 hacemos - Latte Creative\" \/>\n<meta property=\"og:description\" content=\"QU\u00c9 HACEMOS \u2014 Incrementamos el impacto de tu organizaci\u00f3n Trabajamos con organizaciones sociales, instituciones y empresas innovadoras para crear y\" \/>\n<meta property=\"og:url\" content=\"https:\/\/www.lattecreative.com\/es\/what-we-do\/\" \/>\n<meta property=\"og:site_name\" content=\"Latte Creative\" \/>\n<meta property=\"article:modified_time\" content=\"2020-05-20T16:36:06+00:00\" \/>\n<meta property=\"og:image\" content=\"https:\/\/www.lattecreative.com\/wp-content\/uploads\/2020\/05\/latte_featured-image-5.jpg\" \/>\n\t<meta property=\"og:image:width\" content=\"2400\" \/>\n\t<meta property=\"og:image:height\" content=\"1260\" \/>\n\t<meta property=\"og:image:type\" content=\"image\/jpeg\" \/>\n<meta name=\"twitter:card\" content=\"summary_large_image\" \/>\n<script type=\"application\/ld+json\" class=\"yoast-schema-graph\">{\"@context\":\"https:\\\/\\\/schema.org\",\"@graph\":[{\"@type\":\"WebPage\",\"@id\":\"https:\\\/\\\/www.lattecreative.com\\\/es\\\/what-we-do\\\/\",\"url\":\"https:\\\/\\\/www.lattecreative.com\\\/es\\\/what-we-do\\\/\",\"name\":\"Qu\u00e9 hacemos - Latte Creative\",\"isPartOf\":{\"@id\":\"https:\\\/\\\/www.lattecreative.com\\\/en\\\/#website\"},\"primaryImageOfPage\":{\"@id\":\"https:\\\/\\\/www.lattecreative.com\\\/es\\\/what-we-do\\\/#primaryimage\"},\"image\":{\"@id\":\"https:\\\/\\\/www.lattecreative.com\\\/es\\\/what-we-do\\\/#primaryimage\"},\"thumbnailUrl\":\"https:\\\/\\\/www.lattecreative.com\\\/wp-content\\\/uploads\\\/2020\\\/05\\\/latte_featured-image-5.jpg\",\"datePublished\":\"2020-02-20T14:38:22+00:00\",\"dateModified\":\"2020-05-20T16:36:06+00:00\",\"description\":\"QU\u00c9 HACEMOS \u2014 Incrementamos el impacto de tu organizaci\u00f3n Trabajamos con organizaciones sociales, instituciones y empresas innovadoras para crear y\",\"breadcrumb\":{\"@id\":\"https:\\\/\\\/www.lattecreative.com\\\/es\\\/what-we-do\\\/#breadcrumb\"},\"inLanguage\":\"es\",\"potentialAction\":[{\"@type\":\"ReadAction\",\"target\":[\"https:\\\/\\\/www.lattecreative.com\\\/es\\\/what-we-do\\\/\"]}]},{\"@type\":\"ImageObject\",\"inLanguage\":\"es\",\"@id\":\"https:\\\/\\\/www.lattecreative.com\\\/es\\\/what-we-do\\\/#primaryimage\",\"url\":\"https:\\\/\\\/www.lattecreative.com\\\/wp-content\\\/uploads\\\/2020\\\/05\\\/latte_featured-image-5.jpg\",\"contentUrl\":\"https:\\\/\\\/www.lattecreative.com\\\/wp-content\\\/uploads\\\/2020\\\/05\\\/latte_featured-image-5.jpg\",\"width\":2400,\"height\":1260,\"caption\":\"latte_featured image\"},{\"@type\":\"BreadcrumbList\",\"@id\":\"https:\\\/\\\/www.lattecreative.com\\\/es\\\/what-we-do\\\/#breadcrumb\",\"itemListElement\":[{\"@type\":\"ListItem\",\"position\":1,\"name\":\"Home\",\"item\":\"https:\\\/\\\/www.lattecreative.com\\\/es\\\/\"},{\"@type\":\"ListItem\",\"position\":2,\"name\":\"Qu\u00e9 hacemos\"}]},{\"@type\":\"WebSite\",\"@id\":\"https:\\\/\\\/www.lattecreative.com\\\/en\\\/#website\",\"url\":\"https:\\\/\\\/www.lattecreative.com\\\/en\\\/\",\"name\":\"Latte Creative\",\"description\":\"Campaigning with you\",\"potentialAction\":[{\"@type\":\"SearchAction\",\"target\":{\"@type\":\"EntryPoint\",\"urlTemplate\":\"https:\\\/\\\/www.lattecreative.com\\\/en\\\/?s={search_term_string}\"},\"query-input\":{\"@type\":\"PropertyValueSpecification\",\"valueRequired\":true,\"valueName\":\"search_term_string\"}}],\"inLanguage\":\"es\"}]}<\/script>\n<!-- \/ Yoast SEO plugin. -->","yoast_head_json":{"title":"Qu\u00e9 hacemos - Latte Creative","description":"QU\u00c9 HACEMOS \u2014 Incrementamos el impacto de tu organizaci\u00f3n Trabajamos con organizaciones sociales, instituciones y empresas innovadoras para crear y","robots":{"index":"index","follow":"follow","max-snippet":"max-snippet:-1","max-image-preview":"max-image-preview:large","max-video-preview":"max-video-preview:-1"},"canonical":"https:\/\/www.lattecreative.com\/es\/what-we-do\/","og_locale":"es_ES","og_type":"article","og_title":"Qu\u00e9 hacemos - Latte Creative","og_description":"QU\u00c9 HACEMOS \u2014 Incrementamos el impacto de tu organizaci\u00f3n Trabajamos con organizaciones sociales, instituciones y empresas innovadoras para crear y","og_url":"https:\/\/www.lattecreative.com\/es\/what-we-do\/","og_site_name":"Latte Creative","article_modified_time":"2020-05-20T16:36:06+00:00","og_image":[{"width":2400,"height":1260,"url":"https:\/\/www.lattecreative.com\/wp-content\/uploads\/2020\/05\/latte_featured-image-5.jpg","type":"image\/jpeg"}],"twitter_card":"summary_large_image","schema":{"@context":"https:\/\/schema.org","@graph":[{"@type":"WebPage","@id":"https:\/\/www.lattecreative.com\/es\/what-we-do\/","url":"https:\/\/www.lattecreative.com\/es\/what-we-do\/","name":"Qu\u00e9 hacemos - Latte Creative","isPartOf":{"@id":"https:\/\/www.lattecreative.com\/en\/#website"},"primaryImageOfPage":{"@id":"https:\/\/www.lattecreative.com\/es\/what-we-do\/#primaryimage"},"image":{"@id":"https:\/\/www.lattecreative.com\/es\/what-we-do\/#primaryimage"},"thumbnailUrl":"https:\/\/www.lattecreative.com\/wp-content\/uploads\/2020\/05\/latte_featured-image-5.jpg","datePublished":"2020-02-20T14:38:22+00:00","dateModified":"2020-05-20T16:36:06+00:00","description":"QU\u00c9 HACEMOS \u2014 Incrementamos el impacto de tu organizaci\u00f3n Trabajamos con organizaciones sociales, instituciones y empresas innovadoras para crear y","breadcrumb":{"@id":"https:\/\/www.lattecreative.com\/es\/what-we-do\/#breadcrumb"},"inLanguage":"es","potentialAction":[{"@type":"ReadAction","target":["https:\/\/www.lattecreative.com\/es\/what-we-do\/"]}]},{"@type":"ImageObject","inLanguage":"es","@id":"https:\/\/www.lattecreative.com\/es\/what-we-do\/#primaryimage","url":"https:\/\/www.lattecreative.com\/wp-content\/uploads\/2020\/05\/latte_featured-image-5.jpg","contentUrl":"https:\/\/www.lattecreative.com\/wp-content\/uploads\/2020\/05\/latte_featured-image-5.jpg","width":2400,"height":1260,"caption":"latte_featured image"},{"@type":"BreadcrumbList","@id":"https:\/\/www.lattecreative.com\/es\/what-we-do\/#breadcrumb","itemListElement":[{"@type":"ListItem","position":1,"name":"Home","item":"https:\/\/www.lattecreative.com\/es\/"},{"@type":"ListItem","position":2,"name":"Qu\u00e9 hacemos"}]},{"@type":"WebSite","@id":"https:\/\/www.lattecreative.com\/en\/#website","url":"https:\/\/www.lattecreative.com\/en\/","name":"Latte Creative","description":"Campaigning with you","potentialAction":[{"@type":"SearchAction","target":{"@type":"EntryPoint","urlTemplate":"https:\/\/www.lattecreative.com\/en\/?s={search_term_string}"},"query-input":{"@type":"PropertyValueSpecification","valueRequired":true,"valueName":"search_term_string"}}],"inLanguage":"es"}]}},"_links":{"self":[{"href":"https:\/\/www.lattecreative.com\/es\/wp-json\/wp\/v2\/pages\/7765","targetHints":{"allow":["GET"]}}],"collection":[{"href":"https:\/\/www.lattecreative.com\/es\/wp-json\/wp\/v2\/pages"}],"about":[{"href":"https:\/\/www.lattecreative.com\/es\/wp-json\/wp\/v2\/types\/page"}],"author":[{"embeddable":true,"href":"https:\/\/www.lattecreative.com\/es\/wp-json\/wp\/v2\/users\/2"}],"replies":[{"embeddable":true,"href":"https:\/\/www.lattecreative.com\/es\/wp-json\/wp\/v2\/comments?post=7765"}],"version-history":[{"count":7,"href":"https:\/\/www.lattecreative.com\/es\/wp-json\/wp\/v2\/pages\/7765\/revisions"}],"predecessor-version":[{"id":8301,"href":"https:\/\/www.lattecreative.com\/es\/wp-json\/wp\/v2\/pages\/7765\/revisions\/8301"}],"wp:featuredmedia":[{"embeddable":true,"href":"https:\/\/www.lattecreative.com\/es\/wp-json\/wp\/v2\/media\/8173"}],"wp:attachment":[{"href":"https:\/\/www.lattecreative.com\/es\/wp-json\/wp\/v2\/media?parent=7765"}],"curies":[{"name":"wp","href":"https:\/\/api.w.org\/{rel}","templated":true}]}}