{"id":7864,"date":"2020-05-11T21:44:21","date_gmt":"2020-05-11T20:44:21","guid":{"rendered":"https:\/\/www.lattecreative.com\/contact-us\/"},"modified":"2024-02-06T11:57:05","modified_gmt":"2024-02-06T10:57:05","slug":"contact-us","status":"publish","type":"page","link":"https:\/\/www.lattecreative.com\/es\/contact-us\/","title":{"rendered":"Cont\u00e1ctonos"},"content":{"rendered":"<div class=\"row\">\n<h1>Cont\u00e1ctonos<\/h1>\n<p><b>Te esperamos para tomar un caf\u00e9<\/b><\/p>\n\n<div class=\"wpcf7 no-js\" id=\"wpcf7-f8091-o1\" lang=\"en-US\" dir=\"ltr\" data-wpcf7-id=\"8091\">\n<div class=\"screen-reader-response\"><p role=\"status\" aria-live=\"polite\" aria-atomic=\"true\"><\/p> <ul><\/ul><\/div>\n<form action=\"\/es\/wp-json\/wp\/v2\/pages\/7864#wpcf7-f8091-o1\" method=\"post\" class=\"wpcf7-form init contact-form wpcf7-acceptance-as-validation\" id=\"contact-form\" aria-label=\"Contact form\" novalidate=\"novalidate\" data-status=\"init\">\n<fieldset class=\"hidden-fields-container\"><input type=\"hidden\" name=\"_wpcf7\" value=\"8091\" \/><input type=\"hidden\" name=\"_wpcf7_version\" value=\"6.1.6\" \/><input type=\"hidden\" name=\"_wpcf7_locale\" value=\"en_US\" \/><input type=\"hidden\" name=\"_wpcf7_unit_tag\" value=\"wpcf7-f8091-o1\" \/><input type=\"hidden\" name=\"_wpcf7_container_post\" value=\"0\" \/><input type=\"hidden\" name=\"_wpcf7_posted_data_hash\" value=\"\" \/>\n<\/fieldset>\n<div class=\"form-group\"><input size=\"40\" maxlength=\"400\" class=\"wpcf7-form-control wpcf7-text wpcf7-validates-as-required\" id=\"contacts-fullname\" aria-required=\"true\" aria-invalid=\"false\" placeholder=\"Nombre\" value=\"\" type=\"text\" name=\"contacts-fullname\" \/><label for=\"contacts-fullname\">Nombre<\/label><\/div>\n\n<div class=\"form-group\"><input size=\"40\" maxlength=\"400\" class=\"wpcf7-form-control wpcf7-email wpcf7-validates-as-required wpcf7-text wpcf7-validates-as-email\" id=\"contacts-email\" aria-required=\"true\" aria-invalid=\"false\" placeholder=\"E-mail\" value=\"\" type=\"email\" name=\"contacts-email\" \/><label for=\"contacts-email\">E-mail<\/label><\/div>\n\n<div class=\"form-group\"><input size=\"40\" maxlength=\"400\" class=\"wpcf7-form-control wpcf7-tel wpcf7-text wpcf7-validates-as-tel\" id=\"contacts-phone\" aria-invalid=\"false\" placeholder=\"Tel\u00e9fono\" value=\"\" type=\"tel\" name=\"contacts-phone\" \/><\/span><label for=\"contacts-phone\">Tel\u00e9fono<\/label><span class=\"tag tag--optional\">Optional<\/div>\n\n<div class=\"form-group js-mobile-phone\"><input size=\"40\" maxlength=\"400\" class=\"wpcf7-form-control wpcf7-tel wpcf7-text wpcf7-validates-as-tel\" id=\"mobile-phone\" aria-invalid=\"false\" placeholder=\"Numero di cellulare\" value=\"\" type=\"tel\" name=\"mobile-phone\" \/><label for=\"mobile-phone\">Numero di cellulare<\/label><\/div>\n\n<div class=\"form-group\"><textarea cols=\"40\" rows=\"10\" maxlength=\"2000\" class=\"wpcf7-form-control wpcf7-textarea wpcf7-validates-as-required\" id=\"contacts-message\" aria-required=\"true\" aria-invalid=\"false\" name=\"contacts-message\"><\/textarea><label for=\"contacts-message\">Contanos algo m\u00e1s\u2026<\/label><\/div>\n\n<input class=\"wpcf7-form-control wpcf7-hidden\" value=\"ES\" type=\"hidden\" name=\"language\" \/>\n\n<div class=\"form-group checkbox\"><span class=\"wpcf7-form-control wpcf7-acceptance optional\"><span class=\"wpcf7-list-item\"><label><input type=\"checkbox\" name=\"newsletter-consent\" value=\"1\" id=\"newsletter-consent\" aria-invalid=\"false\" \/><span class=\"wpcf7-list-item-label\">Te enviaremos nuestro newsletter pocas veces durante el a\u00f1o, solo para mantenerte informado de las \u00faltimas novedades Nuestra <a target=\"blank\" href=\"\/privacy\/\">pol\u00edtica de Privacidad<\/a>.<\/span><\/label><\/span><\/span><\/div>\n\n<a href=\"#\" class=\"button ajax\">\n\t<span>Envianos tu mensaje<\/span>\n\t<p class=\"success\">\n\t\t<b>Thank you for message!<\/b>\n\t<\/p>\n\t<p class=\"failure\">\n\t\t<b>Sorry, message could not be sent!<\/b><br>\n\t\tTry again or contact us with e-mail address<br>\n\t<\/p>\n<\/a>\n\n<div style=\"display:none;\"><input class=\"wpcf7-form-control wpcf7-submit has-spinner\" type=\"submit\" value=\"Send your message\" \/><\/div><div class=\"wpcf7-response-output\" aria-hidden=\"true\"><\/div>\n<\/form>\n<\/div>\n\n<\/div>\n<div class=\"row\">\n<p><a class=\"icon icon--email\" href=\"mailto:hello@lattecreative.com\">hello@lattecreative.com<\/a><br \/>\n<a class=\"icon icon--tel\" href=\"tel:+393774328922\">+39 377 432 89 22<\/a><\/p>\n<\/div>\n<div class=\"row\">\n<h3>Somos en<\/h3>\n<ul class=\"pins\">\n<li><a href=\"#\" rel=\"noopener noreferrer\"><strong>Rome<\/strong><\/a><\/li>\n<li><a href=\"#\" rel=\"noopener noreferrer\"><strong>Turin<\/strong><\/a><\/li>\n<li><a href=\"#\" rel=\"noopener noreferrer\"><strong>Brussels<\/strong><\/a><\/li>\n<li><a href=\"#\" rel=\"noopener noreferrer\"><strong>Buenos Aires<\/strong><\/a><\/li>\n<li><a href=\"#\" rel=\"noopener noreferrer\"><strong>Montevideo<\/strong><\/a><\/li>\n<li><a href=\"#\" rel=\"noopener noreferrer\"><strong>San Diego<\/strong><\/a><\/li>\n<\/ul>\n<\/div>\n","protected":false},"excerpt":{"rendered":"<p>Cont\u00e1ctonos Te esperamos para tomar un caf\u00e9 hello@lattecreative.com +39 377 432 89 22 Somos en Rome Turin Brussels Buenos Aires Montevideo San Diego<\/p>\n","protected":false},"author":2,"featured_media":8173,"parent":0,"menu_order":0,"comment_status":"closed","ping_status":"closed","template":"page-modal.php","meta":{"_acf_changed":false,"content-type":"","footnotes":""},"class_list":["post-7864","page","type-page","status-publish","has-post-thumbnail","hentry"],"acf":[],"yoast_head":"<!-- This site is optimized with the Yoast SEO plugin v27.6 - https:\/\/yoast.com\/product\/yoast-seo-wordpress\/ -->\n<title>Cont\u00e1ctonos - Latte Creative<\/title>\n<meta name=\"description\" content=\"Cont\u00e1ctonos Te esperamos para tomar un caf\u00e9 hello@lattecreative.com +39 377 432 89 22 Somos en Rome Turin Brussels Buenos Aires Montevideo San\" \/>\n<meta name=\"robots\" content=\"index, follow, max-snippet:-1, max-image-preview:large, max-video-preview:-1\" \/>\n<link rel=\"canonical\" href=\"https:\/\/www.lattecreative.com\/es\/contact-us\/\" \/>\n<meta property=\"og:locale\" content=\"es_ES\" \/>\n<meta property=\"og:type\" content=\"article\" \/>\n<meta property=\"og:title\" content=\"Cont\u00e1ctonos - Latte Creative\" \/>\n<meta property=\"og:description\" content=\"Cont\u00e1ctonos Te esperamos para tomar un caf\u00e9 hello@lattecreative.com +39 377 432 89 22 Somos en Rome Turin Brussels Buenos Aires Montevideo San\" \/>\n<meta property=\"og:url\" content=\"https:\/\/www.lattecreative.com\/es\/contact-us\/\" \/>\n<meta property=\"og:site_name\" content=\"Latte Creative\" \/>\n<meta property=\"article:modified_time\" content=\"2024-02-06T10:57:05+00:00\" \/>\n<meta property=\"og:image\" content=\"https:\/\/www.lattecreative.com\/wp-content\/uploads\/2020\/05\/latte_featured-image-5.jpg\" \/>\n\t<meta property=\"og:image:width\" content=\"2400\" \/>\n\t<meta property=\"og:image:height\" content=\"1260\" \/>\n\t<meta property=\"og:image:type\" content=\"image\/jpeg\" \/>\n<meta name=\"twitter:card\" content=\"summary_large_image\" \/>\n<meta name=\"twitter:label1\" content=\"Tiempo de lectura\" \/>\n\t<meta name=\"twitter:data1\" content=\"1 minuto\" \/>\n<script type=\"application\/ld+json\" class=\"yoast-schema-graph\">{\"@context\":\"https:\\\/\\\/schema.org\",\"@graph\":[{\"@type\":\"WebPage\",\"@id\":\"https:\\\/\\\/www.lattecreative.com\\\/es\\\/contact-us\\\/\",\"url\":\"https:\\\/\\\/www.lattecreative.com\\\/es\\\/contact-us\\\/\",\"name\":\"Cont\u00e1ctonos - Latte Creative\",\"isPartOf\":{\"@id\":\"https:\\\/\\\/www.lattecreative.com\\\/en\\\/#website\"},\"primaryImageOfPage\":{\"@id\":\"https:\\\/\\\/www.lattecreative.com\\\/es\\\/contact-us\\\/#primaryimage\"},\"image\":{\"@id\":\"https:\\\/\\\/www.lattecreative.com\\\/es\\\/contact-us\\\/#primaryimage\"},\"thumbnailUrl\":\"https:\\\/\\\/www.lattecreative.com\\\/wp-content\\\/uploads\\\/2020\\\/05\\\/latte_featured-image-5.jpg\",\"datePublished\":\"2020-05-11T20:44:21+00:00\",\"dateModified\":\"2024-02-06T10:57:05+00:00\",\"description\":\"Cont\u00e1ctonos Te esperamos para tomar un caf\u00e9 hello@lattecreative.com +39 377 432 89 22 Somos en Rome Turin Brussels Buenos Aires Montevideo San\",\"breadcrumb\":{\"@id\":\"https:\\\/\\\/www.lattecreative.com\\\/es\\\/contact-us\\\/#breadcrumb\"},\"inLanguage\":\"es\",\"potentialAction\":[{\"@type\":\"ReadAction\",\"target\":[\"https:\\\/\\\/www.lattecreative.com\\\/es\\\/contact-us\\\/\"]}]},{\"@type\":\"ImageObject\",\"inLanguage\":\"es\",\"@id\":\"https:\\\/\\\/www.lattecreative.com\\\/es\\\/contact-us\\\/#primaryimage\",\"url\":\"https:\\\/\\\/www.lattecreative.com\\\/wp-content\\\/uploads\\\/2020\\\/05\\\/latte_featured-image-5.jpg\",\"contentUrl\":\"https:\\\/\\\/www.lattecreative.com\\\/wp-content\\\/uploads\\\/2020\\\/05\\\/latte_featured-image-5.jpg\",\"width\":2400,\"height\":1260,\"caption\":\"latte_featured image\"},{\"@type\":\"BreadcrumbList\",\"@id\":\"https:\\\/\\\/www.lattecreative.com\\\/es\\\/contact-us\\\/#breadcrumb\",\"itemListElement\":[{\"@type\":\"ListItem\",\"position\":1,\"name\":\"Home\",\"item\":\"https:\\\/\\\/www.lattecreative.com\\\/es\\\/\"},{\"@type\":\"ListItem\",\"position\":2,\"name\":\"Cont\u00e1ctonos\"}]},{\"@type\":\"WebSite\",\"@id\":\"https:\\\/\\\/www.lattecreative.com\\\/en\\\/#website\",\"url\":\"https:\\\/\\\/www.lattecreative.com\\\/en\\\/\",\"name\":\"Latte Creative\",\"description\":\"Campaigning with you\",\"potentialAction\":[{\"@type\":\"SearchAction\",\"target\":{\"@type\":\"EntryPoint\",\"urlTemplate\":\"https:\\\/\\\/www.lattecreative.com\\\/en\\\/?s={search_term_string}\"},\"query-input\":{\"@type\":\"PropertyValueSpecification\",\"valueRequired\":true,\"valueName\":\"search_term_string\"}}],\"inLanguage\":\"es\"}]}<\/script>\n<!-- \/ Yoast SEO plugin. -->","yoast_head_json":{"title":"Cont\u00e1ctonos - Latte Creative","description":"Cont\u00e1ctonos Te esperamos para tomar un caf\u00e9 hello@lattecreative.com +39 377 432 89 22 Somos en Rome Turin Brussels Buenos Aires Montevideo San","robots":{"index":"index","follow":"follow","max-snippet":"max-snippet:-1","max-image-preview":"max-image-preview:large","max-video-preview":"max-video-preview:-1"},"canonical":"https:\/\/www.lattecreative.com\/es\/contact-us\/","og_locale":"es_ES","og_type":"article","og_title":"Cont\u00e1ctonos - Latte Creative","og_description":"Cont\u00e1ctonos Te esperamos para tomar un caf\u00e9 hello@lattecreative.com +39 377 432 89 22 Somos en Rome Turin Brussels Buenos Aires Montevideo San","og_url":"https:\/\/www.lattecreative.com\/es\/contact-us\/","og_site_name":"Latte Creative","article_modified_time":"2024-02-06T10:57:05+00:00","og_image":[{"width":2400,"height":1260,"url":"https:\/\/www.lattecreative.com\/wp-content\/uploads\/2020\/05\/latte_featured-image-5.jpg","type":"image\/jpeg"}],"twitter_card":"summary_large_image","twitter_misc":{"Tiempo de lectura":"1 minuto"},"schema":{"@context":"https:\/\/schema.org","@graph":[{"@type":"WebPage","@id":"https:\/\/www.lattecreative.com\/es\/contact-us\/","url":"https:\/\/www.lattecreative.com\/es\/contact-us\/","name":"Cont\u00e1ctonos - Latte Creative","isPartOf":{"@id":"https:\/\/www.lattecreative.com\/en\/#website"},"primaryImageOfPage":{"@id":"https:\/\/www.lattecreative.com\/es\/contact-us\/#primaryimage"},"image":{"@id":"https:\/\/www.lattecreative.com\/es\/contact-us\/#primaryimage"},"thumbnailUrl":"https:\/\/www.lattecreative.com\/wp-content\/uploads\/2020\/05\/latte_featured-image-5.jpg","datePublished":"2020-05-11T20:44:21+00:00","dateModified":"2024-02-06T10:57:05+00:00","description":"Cont\u00e1ctonos Te esperamos para tomar un caf\u00e9 hello@lattecreative.com +39 377 432 89 22 Somos en Rome Turin Brussels Buenos Aires Montevideo San","breadcrumb":{"@id":"https:\/\/www.lattecreative.com\/es\/contact-us\/#breadcrumb"},"inLanguage":"es","potentialAction":[{"@type":"ReadAction","target":["https:\/\/www.lattecreative.com\/es\/contact-us\/"]}]},{"@type":"ImageObject","inLanguage":"es","@id":"https:\/\/www.lattecreative.com\/es\/contact-us\/#primaryimage","url":"https:\/\/www.lattecreative.com\/wp-content\/uploads\/2020\/05\/latte_featured-image-5.jpg","contentUrl":"https:\/\/www.lattecreative.com\/wp-content\/uploads\/2020\/05\/latte_featured-image-5.jpg","width":2400,"height":1260,"caption":"latte_featured image"},{"@type":"BreadcrumbList","@id":"https:\/\/www.lattecreative.com\/es\/contact-us\/#breadcrumb","itemListElement":[{"@type":"ListItem","position":1,"name":"Home","item":"https:\/\/www.lattecreative.com\/es\/"},{"@type":"ListItem","position":2,"name":"Cont\u00e1ctonos"}]},{"@type":"WebSite","@id":"https:\/\/www.lattecreative.com\/en\/#website","url":"https:\/\/www.lattecreative.com\/en\/","name":"Latte Creative","description":"Campaigning with you","potentialAction":[{"@type":"SearchAction","target":{"@type":"EntryPoint","urlTemplate":"https:\/\/www.lattecreative.com\/en\/?s={search_term_string}"},"query-input":{"@type":"PropertyValueSpecification","valueRequired":true,"valueName":"search_term_string"}}],"inLanguage":"es"}]}},"_links":{"self":[{"href":"https:\/\/www.lattecreative.com\/es\/wp-json\/wp\/v2\/pages\/7864","targetHints":{"allow":["GET"]}}],"collection":[{"href":"https:\/\/www.lattecreative.com\/es\/wp-json\/wp\/v2\/pages"}],"about":[{"href":"https:\/\/www.lattecreative.com\/es\/wp-json\/wp\/v2\/types\/page"}],"author":[{"embeddable":true,"href":"https:\/\/www.lattecreative.com\/es\/wp-json\/wp\/v2\/users\/2"}],"replies":[{"embeddable":true,"href":"https:\/\/www.lattecreative.com\/es\/wp-json\/wp\/v2\/comments?post=7864"}],"version-history":[{"count":11,"href":"https:\/\/www.lattecreative.com\/es\/wp-json\/wp\/v2\/pages\/7864\/revisions"}],"predecessor-version":[{"id":18875,"href":"https:\/\/www.lattecreative.com\/es\/wp-json\/wp\/v2\/pages\/7864\/revisions\/18875"}],"wp:featuredmedia":[{"embeddable":true,"href":"https:\/\/www.lattecreative.com\/es\/wp-json\/wp\/v2\/media\/8173"}],"wp:attachment":[{"href":"https:\/\/www.lattecreative.com\/es\/wp-json\/wp\/v2\/media?parent=7864"}],"curies":[{"name":"wp","href":"https:\/\/api.w.org\/{rel}","templated":true}]}}